{"id":1677,"date":"2023-09-28T13:00:12","date_gmt":"2023-09-28T13:00:12","guid":{"rendered":"https:\/\/cfacgroup.com\/?page_id=1677"},"modified":"2025-10-09T17:15:07","modified_gmt":"2025-10-09T17:15:07","slug":"ressources-humaines","status":"publish","type":"page","link":"https:\/\/cfacgroup.com\/en\/ressources-humaines\/","title":{"rendered":"Human ressources"},"content":{"rendered":"<div data-elementor-type=\"wp-page\" data-elementor-id=\"1677\" class=\"elementor elementor-1677\">\n\t\t\t\t\t\t<section class=\"elementor-section elementor-top-section elementor-element elementor-element-d0cfba6 elementor-section-boxed elementor-section-height-default elementor-section-height-default wpr-particle-no wpr-jarallax-no wpr-parallax-no wpr-sticky-section-no\" data-id=\"d0cfba6\" data-element_type=\"section\" data-settings=\"{&quot;background_background&quot;:&quot;classic&quot;}\">\n\t\t\t\t\t\t\t<div class=\"elementor-background-overlay\"><\/div>\n\t\t\t\t\t\t\t<div class=\"elementor-container elementor-column-gap-default\">\n\t\t\t\t\t<div class=\"elementor-column elementor-col-100 elementor-top-column elementor-element elementor-element-61d59891\" data-id=\"61d59891\" data-element_type=\"column\">\n\t\t\t<div class=\"elementor-widget-wrap elementor-element-populated\">\n\t\t\t\t\t\t<div class=\"elementor-element elementor-element-7a7956b5 elementor-widget elementor-widget-elementskit-heading\" data-id=\"7a7956b5\" data-element_type=\"widget\" data-widget_type=\"elementskit-heading.default\">\n\t\t\t\t<div class=\"elementor-widget-container\">\n\t\t\t<div class=\"ekit-wid-con\" ><div class=\"ekit-heading elementskit-section-title-wraper center   ekit_heading_tablet-   ekit_heading_mobile-\"><h2 class=\"ekit-heading--title elementskit-section-title\">Human ressources<\/h2><\/div><\/div>\t\t<\/div>\n\t\t\t\t<\/div>\n\t\t\t\t\t<\/div>\n\t\t<\/div>\n\t\t\t\t\t<\/div>\n\t\t<\/section>\n\t\t\t\t<section class=\"elementor-section elementor-top-section elementor-element elementor-element-d3ryos7 elementor-section-content-middle elementor-section-boxed elementor-section-height-default elementor-section-height-default wpr-particle-no wpr-jarallax-no wpr-parallax-no wpr-sticky-section-no\" data-id=\"d3ryos7\" data-element_type=\"section\" data-settings=\"{&quot;background_background&quot;:&quot;classic&quot;,&quot;shape_divider_bottom&quot;:&quot;triangle-asymmetrical&quot;}\">\n\t\t\t\t\t\t\t<div class=\"elementor-background-overlay\"><\/div>\n\t\t\t\t\t\t<div class=\"elementor-shape elementor-shape-bottom\" data-negative=\"false\">\n\t\t\t<svg xmlns=\"http:\/\/www.w3.org\/2000\/svg\" viewbox=\"0 0 1000 100\" preserveaspectratio=\"none\">\n\t<path class=\"elementor-shape-fill\" d=\"M738,99l262-93V0H0v5.6L738,99z\"\/>\n<\/svg>\t\t<\/div>\n\t\t\t\t\t<div class=\"elementor-container elementor-column-gap-no\">\n\t\t\t\t\t<div class=\"elementor-column elementor-col-50 elementor-top-column elementor-element elementor-element-4267346\" data-id=\"4267346\" data-element_type=\"column\" data-settings=\"{&quot;background_background&quot;:&quot;classic&quot;}\">\n\t\t\t<div class=\"elementor-widget-wrap elementor-element-populated\">\n\t\t\t\t\t\t<div class=\"elementor-element elementor-element-2ab885f elementor-widget elementor-widget-heading\" data-id=\"2ab885f\" data-element_type=\"widget\" data-widget_type=\"heading.default\">\n\t\t\t\t<div class=\"elementor-widget-container\">\n\t\t\t<style>\/*! elementor - v3.19.0 - 07-02-2024 *\/\n.elementor-heading-title{padding:0;margin:0;line-height:1}.elementor-widget-heading .elementor-heading-title[class*=elementor-size-]>a{color:inherit;font-size:inherit;line-height:inherit}.elementor-widget-heading .elementor-heading-title.elementor-size-small{font-size:15px}.elementor-widget-heading .elementor-heading-title.elementor-size-medium{font-size:19px}.elementor-widget-heading .elementor-heading-title.elementor-size-large{font-size:29px}.elementor-widget-heading .elementor-heading-title.elementor-size-xl{font-size:39px}.elementor-widget-heading .elementor-heading-title.elementor-size-xxl{font-size:59px}<\/style><h2 class=\"elementor-heading-title elementor-size-default\">Human ressources<\/h2>\t\t<\/div>\n\t\t\t\t<\/div>\n\t\t\t\t<div class=\"elementor-element elementor-element-e525372 elementor-widget elementor-widget-text-editor\" data-id=\"e525372\" data-element_type=\"widget\" data-widget_type=\"text-editor.default\">\n\t\t\t\t<div class=\"elementor-widget-container\">\n\t\t\t<style>\/*! elementor - v3.19.0 - 07-02-2024 *\/\n.elementor-widget-text-editor.elementor-drop-cap-view-stacked .elementor-drop-cap{background-color:#69727d;color:#fff}.elementor-widget-text-editor.elementor-drop-cap-view-framed .elementor-drop-cap{color:#69727d;border:3px solid;background-color:transparent}.elementor-widget-text-editor:not(.elementor-drop-cap-view-default) .elementor-drop-cap{margin-top:8px}.elementor-widget-text-editor:not(.elementor-drop-cap-view-default) .elementor-drop-cap-letter{width:1em;height:1em}.elementor-widget-text-editor .elementor-drop-cap{float:left;text-align:center;line-height:1;font-size:50px}.elementor-widget-text-editor .elementor-drop-cap-letter{display:inline-block}<\/style>\t\t\t\t<p>Our Maghreb Payroll HR firm aims to simplify the complex management of payroll processes and aspects related to human resources within your company. Drawing on our expertise acquired over our 20 years of experience, Maghreb Paie is here to support you in all aspects related to the management of human capital within your company.<\/p>\t\t\t\t\t\t<\/div>\n\t\t\t\t<\/div>\n\t\t\t\t\t<\/div>\n\t\t<\/div>\n\t\t\t\t<div class=\"elementor-column elementor-col-50 elementor-top-column elementor-element elementor-element-e27c099\" data-id=\"e27c099\" data-element_type=\"column\" data-settings=\"{&quot;background_background&quot;:&quot;classic&quot;}\">\n\t\t\t<div class=\"elementor-widget-wrap elementor-element-populated\">\n\t\t\t\t\t<div class=\"elementor-background-overlay\"><\/div>\n\t\t\t\t\t\t<div class=\"elementor-element elementor-element-ded013c elementor-widget__width-initial elementor-widget elementor-widget-image\" data-id=\"ded013c\" data-element_type=\"widget\" data-widget_type=\"image.default\">\n\t\t\t\t<div class=\"elementor-widget-container\">\n\t\t\t<style>\/*! elementor - v3.19.0 - 07-02-2024 *\/\n.elementor-widget-image{text-align:center}.elementor-widget-image a{display:inline-block}.elementor-widget-image a img[src$=\".svg\"]{width:48px}.elementor-widget-image img{vertical-align:middle;display:inline-block}<\/style>\t\t\t\t\t\t\t\t\t\t<img fetchpriority=\"high\" decoding=\"async\" width=\"2560\" height=\"1707\" src=\"https:\/\/cfacgroup.com\/wp-content\/uploads\/2023\/09\/laboratoire-informatique-moderne-equipe-scaled.jpg\" class=\"attachment-full size-full wp-image-1727\" alt=\"\" srcset=\"https:\/\/cfacgroup.com\/wp-content\/uploads\/2023\/09\/laboratoire-informatique-moderne-equipe-scaled.jpg 2560w, https:\/\/cfacgroup.com\/wp-content\/uploads\/2023\/09\/laboratoire-informatique-moderne-equipe-300x200.jpg 300w, https:\/\/cfacgroup.com\/wp-content\/uploads\/2023\/09\/laboratoire-informatique-moderne-equipe-1024x683.jpg 1024w, https:\/\/cfacgroup.com\/wp-content\/uploads\/2023\/09\/laboratoire-informatique-moderne-equipe-768x512.jpg 768w, https:\/\/cfacgroup.com\/wp-content\/uploads\/2023\/09\/laboratoire-informatique-moderne-equipe-1536x1024.jpg 1536w, https:\/\/cfacgroup.com\/wp-content\/uploads\/2023\/09\/laboratoire-informatique-moderne-equipe-2048x1365.jpg 2048w\" sizes=\"(max-width: 2560px) 100vw, 2560px\" \/>\t\t\t\t\t\t\t\t\t\t\t\t\t<\/div>\n\t\t\t\t<\/div>\n\t\t\t\t\t<\/div>\n\t\t<\/div>\n\t\t\t\t\t<\/div>\n\t\t<\/section>\n\t\t<div class=\"elementor-element elementor-element-04db052 e-flex e-con-boxed wpr-particle-no wpr-jarallax-no wpr-parallax-no wpr-sticky-section-no e-con e-parent\" data-id=\"04db052\" data-element_type=\"container\" data-settings=\"{&quot;background_background&quot;:&quot;classic&quot;,&quot;shape_divider_top&quot;:&quot;curve-asymmetrical&quot;,&quot;content_width&quot;:&quot;boxed&quot;}\" data-core-v316-plus=\"true\">\n\t\t\t\t\t<div class=\"e-con-inner\">\n\t\t\t\t<div class=\"elementor-shape elementor-shape-top\" data-negative=\"false\">\n\t\t\t<svg xmlns=\"http:\/\/www.w3.org\/2000\/svg\" viewbox=\"0 0 1000 100\" preserveaspectratio=\"none\">\n\t<path class=\"elementor-shape-fill\" d=\"M0,0c0,0,0,6,0,6.7c0,18,240.2,93.6,615.2,92.6C989.8,98.5,1000,25,1000,6.7c0-0.7,0-6.7,0-6.7H0z\"\/>\n<\/svg>\t\t<\/div>\n\t\t\t\t<div class=\"elementor-element elementor-element-912017b elementor-widget elementor-widget-heading\" data-id=\"912017b\" data-element_type=\"widget\" data-widget_type=\"heading.default\">\n\t\t\t\t<div class=\"elementor-widget-container\">\n\t\t\t<h2 class=\"elementor-heading-title elementor-size-default\">Human Resources 360\u00b0<\/h2>\t\t<\/div>\n\t\t\t\t<\/div>\n\t\t\t\t<div class=\"elementor-element elementor-element-27fecc0 elementor-widget elementor-widget-text-editor\" data-id=\"27fecc0\" data-element_type=\"widget\" data-widget_type=\"text-editor.default\">\n\t\t\t\t<div class=\"elementor-widget-container\">\n\t\t\t\t\t\t\t<p><strong>Maghreb Paie is here to support you in all aspects related to the management of human capital within your company. We are dedicated to your success.\u00a0<\/strong><\/p><p><strong>Maghreb Paye is here to support you by providing <span style=\"color: #006bbb;\"> strategic advice <\/span> and <span style=\"color: #006bbb;\"> tailor-made solutions <\/span> to optimize the management of your human capital.<\/strong><\/p>\t\t\t\t\t\t<\/div>\n\t\t\t\t<\/div>\n\t\t\t\t\t<\/div>\n\t\t\t\t<\/div>\n\t\t<div class=\"elementor-element elementor-element-9ca1af6 e-flex e-con-boxed wpr-particle-no wpr-jarallax-no wpr-parallax-no wpr-sticky-section-no e-con e-parent\" data-id=\"9ca1af6\" data-element_type=\"container\" data-settings=\"{&quot;content_width&quot;:&quot;boxed&quot;}\" data-core-v316-plus=\"true\">\n\t\t\t\t\t<div class=\"e-con-inner\">\n\t\t\t\t<div class=\"elementor-element elementor-element-55c2a1b elementor-widget elementor-widget-eael-interactive-circle\" data-id=\"55c2a1b\" data-element_type=\"widget\" data-widget_type=\"eael-interactive-circle.default\">\n\t\t\t\t<div class=\"elementor-widget-container\">\n\t\t\t        <div id=\"eael-interactive-circle-55c2a1b\" class=\"eael-interactive-circle\" data-tabid=\"55c2a1b\">\n\t\t\t\n                <div class=\"eael-circle-wrapper eael-interactive-circle-preset-2 eael-interactive-circle-event-hover eael-circle-desktop-view\" data-animation=\"eael-interactive-circle-animation-2\" data-autoplay=\"0\" data-autoplay-interval=\"2000\">\n                    <div class=\"eael-circle-info\">\n                        <div class=\"eael-circle-inner\" data-items=\"5\">\n\t\t\t\t\t\t\t                                <div class=\"eael-circle-item elementor-repeater-item-4d7763d\">\n                                    <div aria-controls=\"eael-interactive-1\" tabindex=\"0\" class=\"eael-circle-btn\" id=\"eael-circle-item-1\">\n                                        <div class=\"eael-circle-icon-shapes\">\n                                            <div class=\"eael-shape-1\"><\/div>\n                                            <div class=\"eael-shape-2\"><\/div>\n                                        <\/div>\n                                        <div class=\"eael-circle-btn-icon\">\n                                            <div class=\"eael-circle-btn-icon-inner\">\n\t\t\t\t\t\t\t\t\t\t\t\t<i class=\"icon icon-money\"><\/i><span class=\"eael-circle-btn-txt\"><\/span>                                            <\/div>\n                                        <\/div>\n                                    <\/div>\n                                    <div class=\"eael-circle-btn-content eael-circle-item-1\">\n                                        <div id=\"eael-interactive1\" aria-labelledby=\"eael-circle-item-1\" class=\"eael-circle-content\">\n\t\t\t\t\t\t\t\t\t\t\t\t\t\t\t\t\t\t\t\t\t\t<p>Comprehensive Payroll Management<\/p>                                        <\/div>\n                                    <\/div>\n                                <\/div>\n\t\t\t\t\t\t\t                                <div class=\"eael-circle-item elementor-repeater-item-03cfb43\">\n                                    <div aria-controls=\"eael-interactive-2\" tabindex=\"0\" class=\"eael-circle-btn\" id=\"eael-circle-item-2\">\n                                        <div class=\"eael-circle-icon-shapes\">\n                                            <div class=\"eael-shape-1\"><\/div>\n                                            <div class=\"eael-shape-2\"><\/div>\n                                        <\/div>\n                                        <div class=\"eael-circle-btn-icon\">\n                                            <div class=\"eael-circle-btn-icon-inner\">\n\t\t\t\t\t\t\t\t\t\t\t\t<i class=\"fas fa-key\"><\/i><span class=\"eael-circle-btn-txt\"><\/span>                                            <\/div>\n                                        <\/div>\n                                    <\/div>\n                                    <div class=\"eael-circle-btn-content eael-circle-item-2\">\n                                        <div id=\"eael-interactive2\" aria-labelledby=\"eael-circle-item-2\" class=\"eael-circle-content\">\n\t\t\t\t\t\t\t\t\t\t\t\t\t\t\t\t\t\t\t\t\t\t<p>Turnkey Solutions for Managing Salaries and Tax Obligations<\/p>                                        <\/div>\n                                    <\/div>\n                                <\/div>\n\t\t\t\t\t\t\t                                <div class=\"eael-circle-item elementor-repeater-item-960291b\">\n                                    <div aria-controls=\"eael-interactive-3\" tabindex=\"0\" class=\"eael-circle-btn active\" id=\"eael-circle-item-3\">\n                                        <div class=\"eael-circle-icon-shapes\">\n                                            <div class=\"eael-shape-1\"><\/div>\n                                            <div class=\"eael-shape-2\"><\/div>\n                                        <\/div>\n                                        <div class=\"eael-circle-btn-icon\">\n                                            <div class=\"eael-circle-btn-icon-inner\">\n\t\t\t\t\t\t\t\t\t\t\t\t<i class=\"fas fa-people-arrows\"><\/i><span class=\"eael-circle-btn-txt\"><\/span>                                            <\/div>\n                                        <\/div>\n                                    <\/div>\n                                    <div class=\"eael-circle-btn-content eael-circle-item-3 active\">\n                                        <div id=\"eael-interactive3\" aria-labelledby=\"eael-circle-item-3\" class=\"eael-circle-content\">\n\t\t\t\t\t\t\t\t\t\t\t\t\t\t\t\t\t\t\t\t\t\t<p>Conflict Resolution Consultation<\/p>                                        <\/div>\n                                    <\/div>\n                                <\/div>\n\t\t\t\t\t\t\t                                <div class=\"eael-circle-item elementor-repeater-item-3564b74\">\n                                    <div aria-controls=\"eael-interactive-4\" tabindex=\"0\" class=\"eael-circle-btn\" id=\"eael-circle-item-4\">\n                                        <div class=\"eael-circle-icon-shapes\">\n                                            <div class=\"eael-shape-1\"><\/div>\n                                            <div class=\"eael-shape-2\"><\/div>\n                                        <\/div>\n                                        <div class=\"eael-circle-btn-icon\">\n                                            <div class=\"eael-circle-btn-icon-inner\">\n\t\t\t\t\t\t\t\t\t\t\t\t<i class=\"icon icon-team\"><\/i><span class=\"eael-circle-btn-txt\"><\/span>                                            <\/div>\n                                        <\/div>\n                                    <\/div>\n                                    <div class=\"eael-circle-btn-content eael-circle-item-4\">\n                                        <div id=\"eael-interactive4\" aria-labelledby=\"eael-circle-item-4\" class=\"eael-circle-content\">\n\t\t\t\t\t\t\t\t\t\t\t\t\t\t\t\t\t\t\t\t\t\t<p>Professional Recruitment by Experts in Work Psychology<\/p>                                        <\/div>\n                                    <\/div>\n                                <\/div>\n\t\t\t\t\t\t\t                                <div class=\"eael-circle-item elementor-repeater-item-3fa74b3\">\n                                    <div aria-controls=\"eael-interactive-5\" tabindex=\"0\" class=\"eael-circle-btn\" id=\"eael-circle-item-5\">\n                                        <div class=\"eael-circle-icon-shapes\">\n                                            <div class=\"eael-shape-1\"><\/div>\n                                            <div class=\"eael-shape-2\"><\/div>\n                                        <\/div>\n                                        <div class=\"eael-circle-btn-icon\">\n                                            <div class=\"eael-circle-btn-icon-inner\">\n\t\t\t\t\t\t\t\t\t\t\t\t<i class=\"fas fa-user-check\"><\/i><span class=\"eael-circle-btn-txt\"><\/span>                                            <\/div>\n                                        <\/div>\n                                    <\/div>\n                                    <div class=\"eael-circle-btn-content eael-circle-item-5\">\n                                        <div id=\"eael-interactive5\" aria-labelledby=\"eael-circle-item-5\" class=\"eael-circle-content\">\n\t\t\t\t\t\t\t\t\t\t\t\t\t\t\t\t\t\t\t\t\t\t<p>In-Depth Audit for Compliance Assessment and Risk Identification<\/p>                                        <\/div>\n                                    <\/div>\n                                <\/div>\n\t\t\t\t\t\t\t\n                        <\/div>\n                    <\/div>\n                <\/div>\n\t\t\t\n        <\/div>\n\t\t\t<\/div>\n\t\t\t\t<\/div>\n\t\t\t\t\t<\/div>\n\t\t\t\t<\/div>\n\t\t\t\t<section class=\"elementor-section elementor-top-section elementor-element elementor-element-496adf52 elementor-section-content-bottom elementor-section-boxed elementor-section-height-default elementor-section-height-default wpr-particle-no wpr-jarallax-no wpr-parallax-no wpr-sticky-section-no\" data-id=\"496adf52\" data-element_type=\"section\" data-settings=\"{&quot;background_background&quot;:&quot;classic&quot;}\">\n\t\t\t\t\t\t\t<div class=\"elementor-background-overlay\"><\/div>\n\t\t\t\t\t\t\t<div class=\"elementor-container elementor-column-gap-no\">\n\t\t\t\t\t<div class=\"elementor-column elementor-col-66 elementor-top-column elementor-element elementor-element-657d528d\" data-id=\"657d528d\" data-element_type=\"column\">\n\t\t\t<div class=\"elementor-widget-wrap elementor-element-populated\">\n\t\t\t\t\t\t<div class=\"elementor-element elementor-element-51b0fc9f elementor-widget__width-initial elementor-widget elementor-widget-heading\" data-id=\"51b0fc9f\" data-element_type=\"widget\" data-widget_type=\"heading.default\">\n\t\t\t\t<div class=\"elementor-widget-container\">\n\t\t\t<h2 class=\"elementor-heading-title elementor-size-default\">Do you need more information? Do not hesitate to contact us!<\/h2>\t\t<\/div>\n\t\t\t\t<\/div>\n\t\t\t\t<div class=\"elementor-element elementor-element-4c7ae596 elementor-widget__width-initial elementor-widget elementor-widget-text-editor\" data-id=\"4c7ae596\" data-element_type=\"widget\" data-widget_type=\"text-editor.default\">\n\t\t\t\t<div class=\"elementor-widget-container\">\n\t\t\t\t\t\t\t<p><em>We are here to help you meet your specific needs. Whether you are interested in our services, or have any questions, do not hesitate to contact us. We would be happy to provide you with detailed information and offer you a personalized quote.<\/em><\/p>\t\t\t\t\t\t<\/div>\n\t\t\t\t<\/div>\n\t\t\t\t\t<\/div>\n\t\t<\/div>\n\t\t\t\t<div class=\"elementor-column elementor-col-33 elementor-top-column elementor-element elementor-element-616ca1f2\" data-id=\"616ca1f2\" data-element_type=\"column\">\n\t\t\t<div class=\"elementor-widget-wrap elementor-element-populated\">\n\t\t\t\t\t\t<div class=\"elementor-element elementor-element-d0d0976 elementor-align-right elementor-mobile-align-center elementor-widget elementor-widget-button\" data-id=\"d0d0976\" data-element_type=\"widget\" data-widget_type=\"button.default\">\n\t\t\t\t<div class=\"elementor-widget-container\">\n\t\t\t\t\t<div class=\"elementor-button-wrapper\">\n\t\t\t<a class=\"elementor-button elementor-size-md elementor-animation-float\" role=\"button\" id=\"A\">\n\t\t\t\t\t\t<span class=\"elementor-button-content-wrapper\">\n\t\t\t\t\t\t<span class=\"elementor-button-text\">Ask for a quote<\/span>\n\t\t<\/span>\n\t\t\t\t\t<\/a>\n\t\t<\/div>\n\t\t\t\t<\/div>\n\t\t\t\t<\/div>\n\t\t\t\t\t<\/div>\n\t\t<\/div>\n\t\t\t\t\t<\/div>\n\t\t<\/section>\n\t\t\t\t<\/div>","protected":false},"excerpt":{"rendered":"<p>Ressources Humaines Ressources Humaines Notre cabinet RH Maghreb Paie vise \u00e0 simplifier la gestion complexe des processus de paie et des aspects li\u00e9s aux ressources humaines au sein de votre entreprise. Forts de notre expertise acquise au fil de nos 20 ann\u00e9es d&rsquo;exp\u00e9rience, Maghreb Paie est l\u00e0 pour vous accompagner dans tous les aspects li\u00e9s [&hellip;]<\/p>","protected":false},"author":1,"featured_media":0,"parent":0,"menu_order":0,"comment_status":"closed","ping_status":"closed","template":"","meta":{"om_disable_all_campaigns":false,"_monsterinsights_skip_tracking":false,"_monsterinsights_sitenote_active":false,"_monsterinsights_sitenote_note":"","_monsterinsights_sitenote_category":0,"_uf_show_specific_survey":0,"_uf_disable_surveys":false,"site-sidebar-layout":"no-sidebar","site-content-layout":"page-builder","ast-site-content-layout":"full-width-container","site-content-style":"default","site-sidebar-style":"default","ast-global-header-display":"","ast-banner-title-visibility":"","ast-main-header-display":"","ast-hfb-above-header-display":"","ast-hfb-below-header-display":"","ast-hfb-mobile-header-display":"","site-post-title":"disabled","ast-breadcrumbs-content":"","ast-featured-img":"disabled","footer-sml-layout":"","theme-transparent-header-meta":"","adv-header-id-meta":"","stick-header-meta":"","header-above-stick-meta":"","header-main-stick-meta":"","header-below-stick-meta":"","astra-migrate-meta-layouts":"set","ast-page-background-enabled":"default","ast-page-background-meta":{"desktop":{"background-color":"var(--ast-global-color-4)","background-image":"","background-repeat":"repeat","background-position":"center center","background-size":"auto","background-attachment":"scroll","background-type":"","background-media":"","overlay-type":"","overlay-color":"","overlay-gradient":""},"tablet":{"background-color":"","background-image":"","background-repeat":"repeat","background-position":"center center","background-size":"auto","background-attachment":"scroll","background-type":"","background-media":"","overlay-type":"","overlay-color":"","overlay-gradient":""},"mobile":{"background-color":"","background-image":"","background-repeat":"repeat","background-position":"center center","background-size":"auto","background-attachment":"scroll","background-type":"","background-media":"","overlay-type":"","overlay-color":"","overlay-gradient":""}},"ast-content-background-meta":{"desktop":{"background-color":"var(--ast-global-color-5)","background-image":"","background-repeat":"repeat","background-position":"center center","background-size":"auto","background-attachment":"scroll","background-type":"","background-media":"","overlay-type":"","overlay-color":"","overlay-gradient":""},"tablet":{"background-color":"var(--ast-global-color-5)","background-image":"","background-repeat":"repeat","background-position":"center center","background-size":"auto","background-attachment":"scroll","background-type":"","background-media":"","overlay-type":"","overlay-color":"","overlay-gradient":""},"mobile":{"background-color":"var(--ast-global-color-5)","background-image":"","background-repeat":"repeat","background-position":"center center","background-size":"auto","background-attachment":"scroll","background-type":"","background-media":"","overlay-type":"","overlay-color":"","overlay-gradient":""}},"footnotes":""},"aioseo_notices":[],"_links":{"self":[{"href":"https:\/\/cfacgroup.com\/en\/wp-json\/wp\/v2\/pages\/1677"}],"collection":[{"href":"https:\/\/cfacgroup.com\/en\/wp-json\/wp\/v2\/pages"}],"about":[{"href":"https:\/\/cfacgroup.com\/en\/wp-json\/wp\/v2\/types\/page"}],"author":[{"embeddable":true,"href":"https:\/\/cfacgroup.com\/en\/wp-json\/wp\/v2\/users\/1"}],"replies":[{"embeddable":true,"href":"https:\/\/cfacgroup.com\/en\/wp-json\/wp\/v2\/comments?post=1677"}],"version-history":[{"count":151,"href":"https:\/\/cfacgroup.com\/en\/wp-json\/wp\/v2\/pages\/1677\/revisions"}],"predecessor-version":[{"id":3617,"href":"https:\/\/cfacgroup.com\/en\/wp-json\/wp\/v2\/pages\/1677\/revisions\/3617"}],"wp:attachment":[{"href":"https:\/\/cfacgroup.com\/en\/wp-json\/wp\/v2\/media?parent=1677"}],"curies":[{"name":"wp","href":"https:\/\/api.w.org\/{rel}","templated":true}]}}